{"id":944,"date":"2023-10-29T17:07:52","date_gmt":"2023-10-29T16:07:52","guid":{"rendered":"https:\/\/casacarbonito.com\/contact\/"},"modified":"2024-04-22T17:49:11","modified_gmt":"2024-04-22T16:49:11","slug":"contact","status":"publish","type":"page","link":"https:\/\/casacarbonito.com\/fr\/contact\/","title":{"rendered":"Contact"},"content":{"rendered":"\n<div id=\"apartmentIframeAll\">\n<script type=\"text\/javascript\" src=\"https:\/\/login.smoobu.com\/js\/Settings\/BookingToolIframe.js\"><\/script>\n<script>BookingToolIframe.initialize({\"url\": \"https:\/\/login.smoobu.com\/en\/booking-tool\/iframe\/695195\", \"baseUrl\": \"https:\/\/login.smoobu.com\", \"target\": \"#apartmentIframeAll\"})<\/script>\n<\/div>\n\n<p><strong><u>R\u00e9servations<\/u><\/strong><\/p>\n\n<ol class=\"wp-block-list\" type=\"1\">\n<li>Vous pouvez r\u00e9server sur notre site web. Cette forme de r\u00e9servation est contraignante. L&rsquo;enregistrement d&rsquo;un ordre de r\u00e9servation entra\u00eene l&rsquo;entr\u00e9e en vigueur des conditions g\u00e9n\u00e9rales.<\/li>\n\n\n\n<li>Chaque r\u00e9servation est confirm\u00e9e par le propri\u00e9taire au moyen d&rsquo;un e-mail de confirmation.<\/li>\n\n\n\n<li>Un lien de paiement sera envoy\u00e9 avec l&rsquo;e-mail et le paiement de la location devra \u00eatre effectu\u00e9. En cas de retard de paiement du loyer, le propri\u00e9taire a le droit d&rsquo;annuler la p\u00e9riode r\u00e9serv\u00e9e \u00e0 la location des appartements de vacances. Pour le remboursement du loyer d\u00e9j\u00e0 pay\u00e9, il ne peut \u00eatre fait r\u00e9f\u00e9rence \u00e0 aucun article des pr\u00e9sentes conditions g\u00e9n\u00e9rales. Dans ce cas, les conditions d&rsquo;annulation d\u00e9crites dans les pr\u00e9sentes conditions g\u00e9n\u00e9rales s&rsquo;appliquent.<\/li>\n<\/ol>\n\n<p><strong><u>Politique d&rsquo;annulation ;<\/u><\/strong><\/p>\n\n<ul class=\"wp-block-list\">\n<li>Les clients qui doivent annuler une r\u00e9servation doivent nous contacter le plus t\u00f4t possible. Les d\u00e9p\u00f4ts d\u00e9j\u00e0 vers\u00e9s ne seront rembours\u00e9s que dans les conditions suivantes :<\/li>\n\n\n\n<li>Les annulations ne seront accept\u00e9es que par courriel ou par WhatsApp, en indiquant le num\u00e9ro de r\u00e9servation et les jours de r\u00e9servation.<\/li>\n\n\n\n<li>En cas d&rsquo;annulation de l&rsquo;accord de r\u00e9servation, les frais d&rsquo;annulation suivants seront factur\u00e9s ;<\/li>\n\n\n\n<li>Annulation gratuite jusqu&rsquo;\u00e0 7 jours avant l&rsquo;arriv\u00e9e. Si vous changez d&rsquo;avis, vous serez int\u00e9gralement rembours\u00e9 (J-7).<\/li>\n\n\n\n<li>En cas de non-pr\u00e9sentation, la totalit\u00e9 du loyer doit \u00eatre pay\u00e9e. Nous vous conseillons de souscrire une bonne assurance voyage et annulation.<\/li>\n\n\n\n<li>Dans le cas rare o\u00f9 nous devrions annuler votre r\u00e9servation, veuillez noter que nous ne pouvons \u00eatre tenus responsables de circonstances ind\u00e9pendantes de notre volont\u00e9 et que notre responsabilit\u00e9 envers vous se limite au remboursement de tout paiement d\u00e9j\u00e0 effectu\u00e9.<\/li>\n<\/ul>\n\n<p>CasaCarBonito S.L.  <\/p>\n\n<p>2 rue Borazo<\/p>\n\n<p>04140 Carboneras, Almeria, Espagne<\/p>\n\n<p><img loading=\"lazy\" decoding=\"async\" src=\"https:\/\/lh7-us.googleusercontent.com\/50aluvVmyEt-aki3Y7E1APi7908-ZIocFC5K4C45kWiffoC1cUgUI6_H5ElMBaA_p9FuHtKUG3aBVqfj_kFkUmQ7703VCVuNmS_uMLazlsOvgUgElmPcix_vz0-g5qtFjNOWWmufa8C3wtGaRXzXHQ\" width=\"20\" height=\"20\"\/>ES +34 650 89 25 24<\/p>\n\n<p><img loading=\"lazy\" decoding=\"async\" alt=\"Hoorn\" src=\"https:\/\/lh7-us.googleusercontent.com\/vCto3qfnpkuufhZcutmXu2SHJ39_uzxd4y5Lwoyp1ehi1O4xCtM6GqNygKgx9VEk9Vq1IzK7SfecZOD-in4uh1BcYNYFgDRYepFJvzhNlIw0MFd58iY8n4oyOTgo9kMVriOjMTdFEMZbC2_G8dW5KQ\" width=\"20\" height=\"20\"\/>BE+32 475 42 31 84  <\/p>\n\n<p><img loading=\"lazy\" decoding=\"async\" width=\"19\" height=\"19\" src=\"https:\/\/lh7-us.googleusercontent.com\/AuUjMfx1EhGqaS0FcFKo4i8FNce2wCv7r0QwHiOYAVEjqjjWpX-aKH9ANEij8nIUcaBRRrimyMHGGsAkxqsTN7ZlXRhVav4F4vJRPybtetvWiCiP5HFbFjGqlveVz8p9rlj1NgyRGwyf5WYb8QvvGg\" alt=\"Courrier &#xE9;lectronique\"\/><a href=\"mailto:info@casacarbonito.com\">info@casacarbonito.com<\/a><\/p>\n","protected":false},"excerpt":{"rendered":"<p>R\u00e9servations Politique d&rsquo;annulation ; CasaCarBonito S.L. 2 rue Borazo 04140 Carboneras, Almeria, Espagne ES +34 650 89 25 24 BE+32<\/p>\n<p><a href=\"https:\/\/casacarbonito.com\/fr\/contact\/\" class=\"more-link\">Continue reading<span class=\"screen-reader-text\">Contact<\/span><\/a><\/p>\n","protected":false},"author":1,"featured_media":0,"parent":0,"menu_order":0,"comment_status":"closed","ping_status":"closed","template":"","meta":{"footnotes":""},"class_list":["post-944","page","type-page","status-publish","hentry"],"_links":{"self":[{"href":"https:\/\/casacarbonito.com\/fr\/wp-json\/wp\/v2\/pages\/944","targetHints":{"allow":["GET"]}}],"collection":[{"href":"https:\/\/casacarbonito.com\/fr\/wp-json\/wp\/v2\/pages"}],"about":[{"href":"https:\/\/casacarbonito.com\/fr\/wp-json\/wp\/v2\/types\/page"}],"author":[{"embeddable":true,"href":"https:\/\/casacarbonito.com\/fr\/wp-json\/wp\/v2\/users\/1"}],"replies":[{"embeddable":true,"href":"https:\/\/casacarbonito.com\/fr\/wp-json\/wp\/v2\/comments?post=944"}],"version-history":[{"count":6,"href":"https:\/\/casacarbonito.com\/fr\/wp-json\/wp\/v2\/pages\/944\/revisions"}],"predecessor-version":[{"id":3117,"href":"https:\/\/casacarbonito.com\/fr\/wp-json\/wp\/v2\/pages\/944\/revisions\/3117"}],"wp:attachment":[{"href":"https:\/\/casacarbonito.com\/fr\/wp-json\/wp\/v2\/media?parent=944"}],"curies":[{"name":"wp","href":"https:\/\/api.w.org\/{rel}","templated":true}]}}