{"id":932,"date":"2023-04-15T22:12:41","date_gmt":"2023-04-15T21:12:41","guid":{"rendered":"https:\/\/casacarbonito.com\/site-web-en-cours-delaboration\/bienvenue-a-la-casa-carbonito\/"},"modified":"2024-01-02T17:37:39","modified_gmt":"2024-01-02T16:37:39","slug":"bienvenue-a-la-casa-carbonito","status":"publish","type":"page","link":"https:\/\/casacarbonito.com\/fr\/site-web-en-cours-delaboration\/bienvenue-a-la-casa-carbonito\/","title":{"rendered":"Bienvenue \u00e0 la Casa Carbonito !"},"content":{"rendered":"\n<div class=\"wp-block-columns is-layout-flex wp-container-core-columns-is-layout-9d6595d7 wp-block-columns-is-layout-flex\">\n<div class=\"wp-block-column is-layout-flow wp-block-column-is-layout-flow\">\n<p>Bienvenue \u00e0 la Casa Carbonito, un magnifique complexe d&rsquo;appartements en bord de mer au c\u0153ur de Cabo de Gata, \u00e0 Carboneras.<\/p>\n\n\n\n<p>Nous nous effor\u00e7ons de mettre ce site \u00e0 votre disposition le plus rapidement possible. Vous y trouverez un nouveau design et tous les d\u00e9tails concernant notre h\u00e9bergement.<\/p>\n\n\n\n<p>En attendant, vous pouvez nous contacter pour plus d&rsquo;informations :<\/p>\n\n\n\n<p>Casa Carbonito S.L.<\/p>\n\n\n\n<p>Calle Borazo, 2<\/p>\n\n\n\n<p>04140 Carboneras, Almeria, Espagne<\/p>\n\n\n\n<p>info@casacarbonito.com<\/p>\n\n\n\n<p>ES +34 650 89 25 24<\/p>\n\n\n\n<p>BE +32 475 42 31 84<\/p>\n<\/div>\n\n\n\n<div class=\"wp-block-column is-layout-flow wp-block-column-is-layout-flow\">\n<figure class=\"wp-block-image size-large\"><img decoding=\"async\" src=\"https:\/\/casacarbonito.com\/wp-content\/uploads\/2023\/02\/FACHADA-PLAYA-2-1024x541.jpg\" alt=\"\" class=\"wp-image-33\"\/><\/figure>\n\n\n\n<figure class=\"wp-block-image size-large\"><img decoding=\"async\" src=\"https:\/\/casacarbonito.com\/wp-content\/uploads\/2023\/02\/Fachada-02-1024x535.jpg\" alt=\"\" class=\"wp-image-42\"\/><\/figure>\n<\/div>\n<\/div>\n","protected":false},"excerpt":{"rendered":"<p>Bienvenue \u00e0 la Casa Carbonito, un magnifique complexe d&rsquo;appartements en bord de mer au c\u0153ur de Cabo de Gata, \u00e0<\/p>\n<p><a href=\"https:\/\/casacarbonito.com\/fr\/site-web-en-cours-delaboration\/bienvenue-a-la-casa-carbonito\/\" class=\"more-link\">Continue reading<span class=\"screen-reader-text\">Bienvenue \u00e0 la Casa Carbonito !<\/span><\/a><\/p>\n","protected":false},"author":2,"featured_media":0,"parent":885,"menu_order":0,"comment_status":"closed","ping_status":"closed","template":"","meta":{"footnotes":""},"class_list":["post-932","page","type-page","status-publish","hentry"],"_links":{"self":[{"href":"https:\/\/casacarbonito.com\/fr\/wp-json\/wp\/v2\/pages\/932","targetHints":{"allow":["GET"]}}],"collection":[{"href":"https:\/\/casacarbonito.com\/fr\/wp-json\/wp\/v2\/pages"}],"about":[{"href":"https:\/\/casacarbonito.com\/fr\/wp-json\/wp\/v2\/types\/page"}],"author":[{"embeddable":true,"href":"https:\/\/casacarbonito.com\/fr\/wp-json\/wp\/v2\/users\/2"}],"replies":[{"embeddable":true,"href":"https:\/\/casacarbonito.com\/fr\/wp-json\/wp\/v2\/comments?post=932"}],"version-history":[{"count":1,"href":"https:\/\/casacarbonito.com\/fr\/wp-json\/wp\/v2\/pages\/932\/revisions"}],"predecessor-version":[{"id":938,"href":"https:\/\/casacarbonito.com\/fr\/wp-json\/wp\/v2\/pages\/932\/revisions\/938"}],"up":[{"embeddable":true,"href":"https:\/\/casacarbonito.com\/fr\/wp-json\/wp\/v2\/pages\/885"}],"wp:attachment":[{"href":"https:\/\/casacarbonito.com\/fr\/wp-json\/wp\/v2\/media?parent=932"}],"curies":[{"name":"wp","href":"https:\/\/api.w.org\/{rel}","templated":true}]}}