{"id":908,"date":"2023-04-15T22:02:12","date_gmt":"2023-04-15T21:02:12","guid":{"rendered":"https:\/\/casacarbonito.com\/10-plats-typiques-de-la-gastronomie-de-carboneras\/"},"modified":"2024-01-02T17:37:31","modified_gmt":"2024-01-02T16:37:31","slug":"10-plats-typiques-de-la-gastronomie-de-carboneras","status":"publish","type":"page","link":"https:\/\/casacarbonito.com\/fr\/10-plats-typiques-de-la-gastronomie-de-carboneras\/","title":{"rendered":"10 plats typiques de la gastronomie de Carboneras"},"content":{"rendered":"\n<p>La <strong>gastronomie de Carboneras se distingue par l&rsquo;influence de la cuisine m\u00e9diterran\u00e9enne et par la proximit\u00e9 de la mer<\/strong>. La proximit\u00e9 de la mer fait que de nombreux plats typiques sont des plats de poisson et de fruits de mer, mais il y a aussi des plats de viande et de l\u00e9gumes.<\/p>\n<style>.wp-block-kadence-advancedgallery .kb-gallery-type-grid.kb-gallery-id-178_68e021-98{margin:-5px;}.kb-gallery-type-grid.kb-gallery-id-178_68e021-98 .kadence-blocks-gallery-item{padding:5px;}.kb-gallery-id-178_68e021-98 .kadence-blocks-gallery-item .kb-gal-image-radius, .kb-gallery-id-178_68e021-98 .kb-slide-item .kb-gal-image-radius img{border-radius:0px 0px 0px 0px;;}<\/style><div class=\"kb-gallery-wrap-id-178_68e021-98 alignnone wp-block-kadence-advancedgallery\"><ul class=\"kb-gallery-ul kb-gallery-non-static kb-gallery-type-grid kb-gallery-id-178_68e021-98 kb-gallery-caption-style-bottom-hover kb-gallery-filter-none\" data-image-filter=\"none\" data-item-selector=\".kadence-blocks-gallery-item\" data-lightbox-caption=\"true\" data-columns-xxl=\"3\" data-columns-xl=\"3\" data-columns-md=\"3\" data-columns-sm=\"2\" data-columns-xs=\"1\" data-columns-ss=\"1\"><li class=\"kadence-blocks-gallery-item\" tabindex=\"0\"><div class=\"kadence-blocks-gallery-item-inner\"><figure class=\"kb-gallery-figure kadence-blocks-gallery-item-hide-caption\"><div class=\"kb-gal-image-radius\"><div class=\"kb-gallery-image-contain kadence-blocks-gallery-intrinsic kb-gallery-image-ratio-land169 kb-has-image-ratio-land169\" ><img loading=\"lazy\" decoding=\"async\" src=\"https:\/\/casacarbonito.com\/wp-content\/uploads\/2023\/04\/gamba-roja-carboneras-1024x576.jpg\" width=\"1024\" height=\"576\" alt=\"gamba-roja-gastronomia-de-carboneras\" data-full-image=\"https:\/\/casacarbonito.com\/wp-content\/uploads\/2023\/04\/gamba-roja-carboneras.jpg\" data-light-image=\"https:\/\/casacarbonito.com\/wp-content\/uploads\/2023\/04\/gamba-roja-carboneras.jpg\" data-id=\"186\" class=\"wp-image-186\" srcset=\"https:\/\/casacarbonito.com\/wp-content\/uploads\/2023\/04\/gamba-roja-carboneras-1024x576.jpg 1024w, https:\/\/casacarbonito.com\/wp-content\/uploads\/2023\/04\/gamba-roja-carboneras-300x169.jpg 300w, https:\/\/casacarbonito.com\/wp-content\/uploads\/2023\/04\/gamba-roja-carboneras-768x432.jpg 768w, https:\/\/casacarbonito.com\/wp-content\/uploads\/2023\/04\/gamba-roja-carboneras.jpg 1200w\" sizes=\"auto, (max-width: 1024px) 100vw, 1024px\" \/><\/div><\/div><\/figure><\/div><\/li><li class=\"kadence-blocks-gallery-item\" tabindex=\"0\"><div class=\"kadence-blocks-gallery-item-inner\"><figure class=\"kb-gallery-figure kadence-blocks-gallery-item-hide-caption\"><div class=\"kb-gal-image-radius\"><div class=\"kb-gallery-image-contain kadence-blocks-gallery-intrinsic kb-gallery-image-ratio-land169 kb-has-image-ratio-land169\" ><img loading=\"lazy\" decoding=\"async\" src=\"https:\/\/casacarbonito.com\/wp-content\/uploads\/2023\/04\/pipirrana-1024x575.jpg\" width=\"1024\" height=\"575\" alt=\"pipirrana-gastronomia-de-carboneras\" data-full-image=\"https:\/\/casacarbonito.com\/wp-content\/uploads\/2023\/04\/pipirrana.jpg\" data-light-image=\"https:\/\/casacarbonito.com\/wp-content\/uploads\/2023\/04\/pipirrana.jpg\" data-id=\"187\" class=\"wp-image-187\" srcset=\"https:\/\/casacarbonito.com\/wp-content\/uploads\/2023\/04\/pipirrana-1024x575.jpg 1024w, https:\/\/casacarbonito.com\/wp-content\/uploads\/2023\/04\/pipirrana-300x169.jpg 300w, https:\/\/casacarbonito.com\/wp-content\/uploads\/2023\/04\/pipirrana-768x431.jpg 768w, https:\/\/casacarbonito.com\/wp-content\/uploads\/2023\/04\/pipirrana.jpg 1200w\" sizes=\"auto, (max-width: 1024px) 100vw, 1024px\" \/><\/div><\/div><\/figure><\/div><\/li><li class=\"kadence-blocks-gallery-item\" tabindex=\"0\"><div class=\"kadence-blocks-gallery-item-inner\"><figure class=\"kb-gallery-figure kadence-blocks-gallery-item-hide-caption\"><div class=\"kb-gal-image-radius\"><div class=\"kb-gallery-image-contain kadence-blocks-gallery-intrinsic kb-gallery-image-ratio-land169 kb-has-image-ratio-land169\" ><img loading=\"lazy\" decoding=\"async\" src=\"https:\/\/casacarbonito.com\/wp-content\/uploads\/2023\/04\/arroz-caldoso-1024x683.jpg\" width=\"1024\" height=\"683\" alt=\"arroz-caldoso-gastronomia-de-carboneras\" data-full-image=\"https:\/\/casacarbonito.com\/wp-content\/uploads\/2023\/04\/arroz-caldoso-scaled.jpg\" data-light-image=\"https:\/\/casacarbonito.com\/wp-content\/uploads\/2023\/04\/arroz-caldoso-scaled.jpg\" data-id=\"183\" class=\"wp-image-183\" srcset=\"https:\/\/casacarbonito.com\/wp-content\/uploads\/2023\/04\/arroz-caldoso-1024x683.jpg 1024w, https:\/\/casacarbonito.com\/wp-content\/uploads\/2023\/04\/arroz-caldoso-300x200.jpg 300w, https:\/\/casacarbonito.com\/wp-content\/uploads\/2023\/04\/arroz-caldoso-768x512.jpg 768w, https:\/\/casacarbonito.com\/wp-content\/uploads\/2023\/04\/arroz-caldoso-1536x1024.jpg 1536w\" sizes=\"auto, (max-width: 1024px) 100vw, 1024px\" \/><\/div><\/div><\/figure><\/div><\/li><li class=\"kadence-blocks-gallery-item\" tabindex=\"0\"><div class=\"kadence-blocks-gallery-item-inner\"><figure class=\"kb-gallery-figure kadence-blocks-gallery-item-hide-caption\"><div class=\"kb-gal-image-radius\"><div class=\"kb-gallery-image-contain kadence-blocks-gallery-intrinsic kb-gallery-image-ratio-land169 kb-has-image-ratio-land169\" ><img loading=\"lazy\" decoding=\"async\" src=\"https:\/\/casacarbonito.com\/wp-content\/uploads\/2023\/04\/ensalada-con-tomate.jpg\" width=\"700\" height=\"411\" alt=\"ensalada-con-tomate-gastronimia-de-carboneras\" data-full-image=\"https:\/\/casacarbonito.com\/wp-content\/uploads\/2023\/04\/ensalada-con-tomate.jpg\" data-light-image=\"https:\/\/casacarbonito.com\/wp-content\/uploads\/2023\/04\/ensalada-con-tomate.jpg\" data-id=\"184\" class=\"wp-image-184\" srcset=\"https:\/\/casacarbonito.com\/wp-content\/uploads\/2023\/04\/ensalada-con-tomate.jpg 700w, https:\/\/casacarbonito.com\/wp-content\/uploads\/2023\/04\/ensalada-con-tomate-300x176.jpg 300w\" sizes=\"auto, (max-width: 700px) 100vw, 700px\" \/><\/div><\/div><\/figure><\/div><\/li><li class=\"kadence-blocks-gallery-item\" tabindex=\"0\"><div class=\"kadence-blocks-gallery-item-inner\"><figure class=\"kb-gallery-figure kadence-blocks-gallery-item-hide-caption\"><div class=\"kb-gal-image-radius\"><div class=\"kb-gallery-image-contain kadence-blocks-gallery-intrinsic kb-gallery-image-ratio-land169 kb-has-image-ratio-land169\" ><img loading=\"lazy\" decoding=\"async\" src=\"https:\/\/casacarbonito.com\/wp-content\/uploads\/2023\/04\/ajo-colorao-1024x683.jpg\" width=\"1024\" height=\"683\" alt=\"ajo-colorao-gastronomia-de-carboneras\" data-full-image=\"https:\/\/casacarbonito.com\/wp-content\/uploads\/2023\/04\/ajo-colorao.jpg\" data-light-image=\"https:\/\/casacarbonito.com\/wp-content\/uploads\/2023\/04\/ajo-colorao.jpg\" data-id=\"182\" class=\"wp-image-182\" srcset=\"https:\/\/casacarbonito.com\/wp-content\/uploads\/2023\/04\/ajo-colorao-1024x683.jpg 1024w, https:\/\/casacarbonito.com\/wp-content\/uploads\/2023\/04\/ajo-colorao-300x200.jpg 300w, https:\/\/casacarbonito.com\/wp-content\/uploads\/2023\/04\/ajo-colorao-768x512.jpg 768w, https:\/\/casacarbonito.com\/wp-content\/uploads\/2023\/04\/ajo-colorao.jpg 1200w\" sizes=\"auto, (max-width: 1024px) 100vw, 1024px\" \/><\/div><\/div><\/figure><\/div><\/li><li class=\"kadence-blocks-gallery-item\" tabindex=\"0\"><div class=\"kadence-blocks-gallery-item-inner\"><figure class=\"kb-gallery-figure kadence-blocks-gallery-item-hide-caption\"><div class=\"kb-gal-image-radius\"><div class=\"kb-gallery-image-contain kadence-blocks-gallery-intrinsic kb-gallery-image-ratio-land169 kb-has-image-ratio-land169\" ><img loading=\"lazy\" decoding=\"async\" src=\"https:\/\/casacarbonito.com\/wp-content\/uploads\/2023\/04\/fideos-con-caballa.jpg\" width=\"795\" height=\"539\" alt=\"fideos con caballa gastronom\u00eda de carboneras\" data-full-image=\"https:\/\/casacarbonito.com\/wp-content\/uploads\/2023\/04\/fideos-con-caballa.jpg\" data-light-image=\"https:\/\/casacarbonito.com\/wp-content\/uploads\/2023\/04\/fideos-con-caballa.jpg\" data-id=\"189\" class=\"wp-image-189\" srcset=\"https:\/\/casacarbonito.com\/wp-content\/uploads\/2023\/04\/fideos-con-caballa.jpg 795w, https:\/\/casacarbonito.com\/wp-content\/uploads\/2023\/04\/fideos-con-caballa-300x203.jpg 300w, https:\/\/casacarbonito.com\/wp-content\/uploads\/2023\/04\/fideos-con-caballa-768x521.jpg 768w\" sizes=\"auto, (max-width: 795px) 100vw, 795px\" \/><\/div><\/div><\/figure><\/div><\/li><\/ul><\/div>\n<div style=\"height:70px\" aria-hidden=\"true\" class=\"wp-block-spacer\"><\/div>\n\n<p>Les <strong>plats typiques de Carboneras <\/strong>sont les suivants :<\/p>\n\n<ul class=\"wp-block-list\">\n<li><strong>Arroz caldoso<\/strong>: plat de riz \u00e0 base de poisson, de fruits de mer et de bouillon de l\u00e9gumes, tr\u00e8s populaire dans la r\u00e9gion c\u00f4ti\u00e8re.<\/li>\n\n\n\n<li><strong>Crevette rouge<\/strong> de Carboneras : la crevette rouge de Carboneras est c\u00e9l\u00e8bre pour sa saveur et sa texture, et constitue l&rsquo;un des produits phares de la cuisine locale.<\/li>\n\n\n\n<li><strong>Nouilles au maquereau<\/strong>: une recette simple et savoureuse qui associe des nouilles au maquereau et \u00e0 la tomate, le tout dans un saut\u00e9 d&rsquo;oignons et de poivrons.<\/li>\n\n\n\n<li><strong>Caldo de pescado<\/strong>: bouillon de poisson et de fruits de mer populaire dans toute la r\u00e9gion, qui sert de base \u00e0 de nombreux autres plats.<\/li>\n\n\n\n<li><strong>Migas<\/strong>: plat traditionnel \u00e0 base de pain, d&rsquo;huile d&rsquo;olive, d&rsquo;ail et de paprika, accompagn\u00e9 de chorizo, de lard ou de sardines.<\/li>\n\n\n\n<li><strong>Salade de tom<\/strong>ates : La salade de tomates est un plat tr\u00e8s r\u00e9pandu dans toute la r\u00e9gion. \u00c0 Carboneras, elle est g\u00e9n\u00e9ralement accompagn\u00e9e de thon, d&rsquo;\u0153ufs et d&rsquo;olives.<\/li>\n\n\n\n<li><strong>Pipirrana<\/strong>: salade typique de la r\u00e9gion, compos\u00e9e de tomates, de poivrons verts, de concombres, d&rsquo;oignons et d&rsquo;huile d&rsquo;olive. Il est g\u00e9n\u00e9ralement servi froid.<\/li>\n\n\n\n<li><strong>Ajo colorao<\/strong>: plat compos\u00e9 de pommes de terre, de poivrons rouges, d&rsquo;ail et de chorizo, cuit lentement jusqu&rsquo;\u00e0 ce que les pommes de terre soient tendres.<\/li>\n\n\n\n<li><strong>Gazpacho andalou<\/strong>: soupe froide \u00e0 base de tomates, concombres, poivrons, oignons, ail, huile d&rsquo;olive, vinaigre et pain rassis.<\/li>\n\n\n\n<li><strong>Gurullos<\/strong>: petit plat de p\u00e2tes rond, pr\u00e9par\u00e9 avec des pois chiches, du porc, des pommes de terre, des oignons et des poivrons.<\/li>\n\n\n\n<li>Les <strong>desserts <\/strong>les plus typiques de Carboneras sont le riz au lait, le flan et les beignets.<\/li>\n<\/ul>\n\n<h2 class=\"wp-block-heading\">Restaurants pour go\u00fbter \u00e0 la gastronomie de Carboneras<\/h2>\n\n<p>\u00c0 proximit\u00e9 de la<a href=\"https:\/\/casacarbonito.com\/fr\/appartements-dans-carboneras\/\" data-type=\"page\" data-id=\"138\"> Casa Carbonito<\/a>, vous trouverez de <strong>nombreux restaurants<\/strong> qui se distinguent par leur<strong> excellente qualit\u00e9 culinaire et leur engagement \u00e0 utiliser des ingr\u00e9dients frais et locaux<\/strong>, o\u00f9 vous pourrez go\u00fbter \u00e0 la gastronomie de Carboneras.<\/p>\n\n<p>En outre, Carboneras est situ\u00e9 sur la c\u00f4te d&rsquo;Almeria, ce qui permet aux restaurants de proposer une <strong>grande vari\u00e9t\u00e9 de poissons et de fruits de mer frais de grande qualit\u00e9<\/strong>, tels que la daurade, le poulpe, le calmar, les crevettes et bien d&rsquo;autres encore. Il est \u00e9galement possible de d\u00e9guster une bonne paella, l&rsquo;un des plats les plus embl\u00e9matiques de la cuisine espagnole.<\/p>\n\n<p>D&rsquo;autre part, dans les restaurants de Carboneras, il est \u00e9galement possible de <strong>d\u00e9guster des viandes de grande qualit\u00e9, <\/strong>comme le porc ib\u00e9rique et le veau, qui sont associ\u00e9es \u00e0 une grande vari\u00e9t\u00e9 de garnitures et de sauces pour donner naissance \u00e0 des saveurs uniques et inoubliables.<\/p>\n\n<p>En r\u00e9sum\u00e9, la gastronomie de Carboneras ne d\u00e9\u00e7oit pas et offre une grande vari\u00e9t\u00e9 d&rsquo;options pour tous les go\u00fbts et tous les budgets. <strong>Ses <a href=\"https:\/\/www.tripadvisor.es\/Restaurants-g1064209-Carboneras_Province_of_Almeria_Andalucia.html\" target=\"_blank\" rel=\"noopener\">restaurants<\/a> sont un must pour tous les amateurs de cuisine qui visitent la r\u00e9gion<\/strong> pour go\u00fbter \u00e0 la gastronomie de Carboneras de premi\u00e8re main.<\/p>\n","protected":false},"excerpt":{"rendered":"<p>La gastronomie de Carboneras se distingue par l&rsquo;influence de la cuisine m\u00e9diterran\u00e9enne et par la proximit\u00e9 de la mer. La<\/p>\n<p><a href=\"https:\/\/casacarbonito.com\/fr\/10-plats-typiques-de-la-gastronomie-de-carboneras\/\" class=\"more-link\">Continue reading<span class=\"screen-reader-text\">10 plats typiques de la gastronomie de Carboneras<\/span><\/a><\/p>\n","protected":false},"author":2,"featured_media":681,"parent":0,"menu_order":0,"comment_status":"closed","ping_status":"closed","template":"","meta":{"footnotes":""},"class_list":["post-908","page","type-page","status-publish","has-post-thumbnail","hentry"],"_links":{"self":[{"href":"https:\/\/casacarbonito.com\/fr\/wp-json\/wp\/v2\/pages\/908","targetHints":{"allow":["GET"]}}],"collection":[{"href":"https:\/\/casacarbonito.com\/fr\/wp-json\/wp\/v2\/pages"}],"about":[{"href":"https:\/\/casacarbonito.com\/fr\/wp-json\/wp\/v2\/types\/page"}],"author":[{"embeddable":true,"href":"https:\/\/casacarbonito.com\/fr\/wp-json\/wp\/v2\/users\/2"}],"replies":[{"embeddable":true,"href":"https:\/\/casacarbonito.com\/fr\/wp-json\/wp\/v2\/comments?post=908"}],"version-history":[{"count":1,"href":"https:\/\/casacarbonito.com\/fr\/wp-json\/wp\/v2\/pages\/908\/revisions"}],"predecessor-version":[{"id":911,"href":"https:\/\/casacarbonito.com\/fr\/wp-json\/wp\/v2\/pages\/908\/revisions\/911"}],"wp:featuredmedia":[{"embeddable":true,"href":"https:\/\/casacarbonito.com\/fr\/wp-json\/wp\/v2\/media\/681"}],"wp:attachment":[{"href":"https:\/\/casacarbonito.com\/fr\/wp-json\/wp\/v2\/media?parent=908"}],"curies":[{"name":"wp","href":"https:\/\/api.w.org\/{rel}","templated":true}]}}