{"id":896,"date":"2023-04-15T20:09:25","date_gmt":"2023-04-15T19:09:25","guid":{"rendered":"https:\/\/casacarbonito.com\/5-choses-a-faire-a-cabo-de-gata\/"},"modified":"2024-01-02T17:37:27","modified_gmt":"2024-01-02T16:37:27","slug":"5-choses-a-faire-a-cabo-de-gata","status":"publish","type":"page","link":"https:\/\/casacarbonito.com\/fr\/5-choses-a-faire-a-cabo-de-gata\/","title":{"rendered":"5 choses \u00e0 faire \u00e0 Cabo de Gata"},"content":{"rendered":"\n<p>Cabo de Gata est un endroit plein de beaut\u00e9 naturelle et de possibilit\u00e9s de profiter de la vie en plein air. Voici quelques-unes des activit\u00e9s \u00e0 faire \u00e0 Cabo de Gata :<\/p>\n\n<div style=\"height:70px\" aria-hidden=\"true\" class=\"wp-block-spacer\"><\/div>\n\n<div class=\"wp-block-columns is-layout-flex wp-container-core-columns-is-layout-9d6595d7 wp-block-columns-is-layout-flex\">\n<div class=\"wp-block-column is-layout-flow wp-block-column-is-layout-flow\">\n<h2 class=\"wp-block-heading\">Soutes \u00e0 charbon<\/h2>\n\n\n\n<p><strong>Carboneras est un village de p\u00eacheurs<\/strong> situ\u00e9 sur les rives de la M\u00e9diterran\u00e9e, sur la c\u00f4te d&rsquo;Almer\u00eda. Une partie de la municipalit\u00e9 se trouve dans le<strong> parc naturel de Cabo de Gata-N\u00edjar<\/strong>. Il s&rsquo;agit donc d&rsquo;un endroit id\u00e9al pour profiter de la nature de la mer et de la montagne, ainsi que d&rsquo;un lieu de repos fantastique.  <\/p>\n\n\n\n<p>\u00c0 <a href=\"https:\/\/www.andalucia.org\/es\/carboneras\" data-type=\"URL\" data-id=\"https:\/\/www.andalucia.org\/es\/carboneras\" target=\"_blank\" rel=\"noreferrer noopener\">Carboneras<\/a>, vous trouverez tout ce qu&rsquo;il faut pour profiter de l&rsquo;\u00e9t\u00e9 : des itin\u00e9raires de <strong>randonn\u00e9e<\/strong> et de d\u00e9couverte des montagnes, des <strong>plages<\/strong> interminables pour se d\u00e9tendre et profiter du soleil et de la mer, ou des sites spectaculaires pour faire de <strong>la plong\u00e9e dans ses eaux cristallines<\/strong> et pratiquer d&rsquo;autres sports nautiques. Profitez de la <strong>gastronomie<\/strong>, du beau temps et des activit\u00e9s culturelles ou d\u00e9couvrez les lieux les plus embl\u00e9matiques. Pour toutes ces raisons, il a \u00e9t\u00e9 choisi comme le <strong>meilleur endroit pour passer l&rsquo;\u00e9t\u00e9 en Espagne et l&rsquo;une des choses parfaites \u00e0 faire \u00e0 Cabo de Gata<\/strong>.<\/p>\n<\/div>\n\n\n\n<div class=\"wp-block-column is-layout-flow wp-block-column-is-layout-flow\">\n<div class=\"wp-block-stackable-image stk-block-image stk-block stk-0b793f2\" data-block-id=\"0b793f2\"><style>.stk-0b793f2 .stk-img-wrapper{width:100% !important;height:616px !important}.stk-0b793f2 .stk-img-wrapper img{object-position:49% 70% !important}<\/style><figure class=\"stk-img-wrapper stk-image--shape-stretch\"><img loading=\"lazy\" decoding=\"async\" class=\"stk-img wp-image-145\" src=\"https:\/\/casacarbonito.com\/wp-content\/uploads\/2023\/04\/carboneras-scaled.jpg\" width=\"1885\" height=\"2560\" srcset=\"https:\/\/casacarbonito.com\/wp-content\/uploads\/2023\/04\/carboneras-scaled.jpg 1885w, https:\/\/casacarbonito.com\/wp-content\/uploads\/2023\/04\/carboneras-221x300.jpg 221w, https:\/\/casacarbonito.com\/wp-content\/uploads\/2023\/04\/carboneras-754x1024.jpg 754w, https:\/\/casacarbonito.com\/wp-content\/uploads\/2023\/04\/carboneras-768x1043.jpg 768w, https:\/\/casacarbonito.com\/wp-content\/uploads\/2023\/04\/carboneras-1131x1536.jpg 1131w, https:\/\/casacarbonito.com\/wp-content\/uploads\/2023\/04\/carboneras-1508x2048.jpg 1508w\" sizes=\"auto, (max-width: 1885px) 100vw, 1885px\" \/><\/figure><\/div>\n<\/div>\n<\/div>\n\n<div style=\"height:70px\" aria-hidden=\"true\" class=\"wp-block-spacer\"><\/div>\n\n<div class=\"wp-block-columns is-layout-flex wp-container-core-columns-is-layout-9d6595d7 wp-block-columns-is-layout-flex\">\n<div class=\"wp-block-column is-layout-flow wp-block-column-is-layout-flow\">\n<div class=\"wp-block-stackable-image stk-block-image stk-block stk-ea0eef7\" data-block-id=\"ea0eef7\"><style>.stk-ea0eef7 .stk-img-wrapper{width:100% !important;height:616px !important}.stk-ea0eef7 .stk-img-wrapper img{object-position:49% 70% !important}<\/style><figure class=\"stk-img-wrapper stk-image--shape-stretch\"><img loading=\"lazy\" decoding=\"async\" class=\"stk-img wp-image-509\" src=\"https:\/\/casacarbonito.com\/wp-content\/uploads\/2023\/10\/playa-de-los-muertos-que-hacer-en-cabo-de-gata.jpg\" width=\"1200\" height=\"660\" alt=\"plage-de-la-mort-qu'est-ce-qu'il-faut-&#xE0;-cabo-de-gata\" srcset=\"https:\/\/casacarbonito.com\/wp-content\/uploads\/2023\/10\/playa-de-los-muertos-que-hacer-en-cabo-de-gata.jpg 1200w, https:\/\/casacarbonito.com\/wp-content\/uploads\/2023\/10\/playa-de-los-muertos-que-hacer-en-cabo-de-gata-300x165.jpg 300w, https:\/\/casacarbonito.com\/wp-content\/uploads\/2023\/10\/playa-de-los-muertos-que-hacer-en-cabo-de-gata-1024x563.jpg 1024w, https:\/\/casacarbonito.com\/wp-content\/uploads\/2023\/10\/playa-de-los-muertos-que-hacer-en-cabo-de-gata-768x422.jpg 768w\" sizes=\"auto, (max-width: 1200px) 100vw, 1200px\" \/><\/figure><\/div>\n<\/div>\n\n\n\n<div class=\"wp-block-column is-layout-flow wp-block-column-is-layout-flow\">\n<h2 class=\"wp-block-heading\">La plage des morts<\/h2>\n\n\n\n<p>La <strong>Playa de los Muertos est une belle plage situ\u00e9e dans le parc naturel de Cabo de Gata<\/strong>, sur la c\u00f4te d&rsquo;Almeria, dans le sud-est de l&rsquo;Espagne. Elle est connue pour sa<strong> beaut\u00e9 naturelle \u00e9poustouflante, avec ses eaux cristallines et son sable blanc et doux<\/strong>. La plage n&rsquo;est accessible qu&rsquo;\u00e0 pied et se trouve \u00e0 environ 2 kilom\u00e8tres du parking le plus proche. Le chemin qui m\u00e8ne \u00e0 la plage est escarp\u00e9 et rocailleux, ce qui rend la plage moins fr\u00e9quent\u00e9e et plus calme. La plage de Los Muertos est un lieu id\u00e9al pour ceux qui recherchent un endroit isol\u00e9 pour se d\u00e9tendre, prendre un bain de soleil et profiter d&rsquo;un environnement naturel et paisible. La visite de la Playa de los Muertos est l&rsquo;une des activit\u00e9s pr\u00e9f\u00e9r\u00e9es des touristes qui se rendent \u00e0 Cabo de Gata.<\/p>\n<\/div>\n<\/div>\n\n<div style=\"height:70px\" aria-hidden=\"true\" class=\"wp-block-spacer\"><\/div>\n\n<div class=\"wp-block-columns is-layout-flex wp-container-core-columns-is-layout-9d6595d7 wp-block-columns-is-layout-flex\">\n<div class=\"wp-block-column is-layout-flow wp-block-column-is-layout-flow\">\n<h2 class=\"wp-block-heading\">Parc naturel de Cabo de Gata<\/h2>\n\n\n\n<p>Le parc naturel de Cabo de Gata est une magnifique destination touristique situ\u00e9e sur la c\u00f4te d&rsquo;Almeria, dans le sud-est de l&rsquo;Espagne. Cette zone prot\u00e9g\u00e9e est connue pour sa diversit\u00e9 biologique, avec une <strong>grande vari\u00e9t\u00e9 de plantes et d&rsquo;animaux uniques dans la r\u00e9gion m\u00e9diterran\u00e9enne<\/strong>. Le paysage du parc est \u00e0 couper le souffle, avec un m\u00e9lange de montagnes, de falaises, de plages et de criques, ainsi que des formations g\u00e9ologiques uniques. Les visiteurs peuvent profiter d&rsquo;une grande vari\u00e9t\u00e9 d&rsquo;activit\u00e9s de plein air \u00e0 Cabo de Gata, telles que la <strong>randonn\u00e9e, la plong\u00e9e, le surf et le kayak, entre<\/strong> autres. Le parc naturel de Cabo de Gata est un endroit id\u00e9al pour ceux qui souhaitent profiter de la nature et d\u00e9couvrir la beaut\u00e9 naturelle de la c\u00f4te m\u00e9diterran\u00e9enne espagnole.<\/p>\n<\/div>\n\n\n\n<div class=\"wp-block-column is-layout-flow wp-block-column-is-layout-flow\">\n<div class=\"wp-block-stackable-image stk-block-image stk-block stk-9153454\" data-block-id=\"9153454\"><style>.stk-9153454 .stk-img-wrapper{width:100% !important;height:616px !important}.stk-9153454 .stk-img-wrapper img{object-position:49% 70% !important}<\/style><figure class=\"stk-img-wrapper stk-image--shape-stretch\"><img loading=\"lazy\" decoding=\"async\" class=\"stk-img wp-image-159\" src=\"https:\/\/casacarbonito.com\/wp-content\/uploads\/2023\/04\/naturaleza-cabo-de-gata-scaled.jpg\" width=\"2560\" height=\"1828\" srcset=\"https:\/\/casacarbonito.com\/wp-content\/uploads\/2023\/04\/naturaleza-cabo-de-gata-scaled.jpg 2560w, https:\/\/casacarbonito.com\/wp-content\/uploads\/2023\/04\/naturaleza-cabo-de-gata-300x214.jpg 300w, https:\/\/casacarbonito.com\/wp-content\/uploads\/2023\/04\/naturaleza-cabo-de-gata-1024x731.jpg 1024w, https:\/\/casacarbonito.com\/wp-content\/uploads\/2023\/04\/naturaleza-cabo-de-gata-768x548.jpg 768w, https:\/\/casacarbonito.com\/wp-content\/uploads\/2023\/04\/naturaleza-cabo-de-gata-1536x1097.jpg 1536w, https:\/\/casacarbonito.com\/wp-content\/uploads\/2023\/04\/naturaleza-cabo-de-gata-2048x1462.jpg 2048w\" sizes=\"auto, (max-width: 2560px) 100vw, 2560px\" \/><\/figure><\/div>\n<\/div>\n<\/div>\n\n<div style=\"height:70px\" aria-hidden=\"true\" class=\"wp-block-spacer\"><\/div>\n\n<div class=\"wp-block-columns is-layout-flex wp-container-core-columns-is-layout-9d6595d7 wp-block-columns-is-layout-flex\">\n<div class=\"wp-block-column is-layout-flow wp-block-column-is-layout-flow\">\n<div class=\"wp-block-stackable-image stk-block-image stk-block stk-c66b6d8\" data-block-id=\"c66b6d8\"><style>.stk-c66b6d8 .stk-img-wrapper{width:100% !important;height:616px !important}.stk-c66b6d8 .stk-img-wrapper img{object-position:49% 70% !important}<\/style><figure class=\"stk-img-wrapper stk-image--shape-stretch\"><img loading=\"lazy\" decoding=\"async\" class=\"stk-img wp-image-161\" src=\"https:\/\/casacarbonito.com\/wp-content\/uploads\/2023\/04\/senderismo-cabo-de-gata.jpg\" width=\"1536\" height=\"2048\" alt=\"sports-quoi-faire-&#xE0;-cabo-de-gata\" srcset=\"https:\/\/casacarbonito.com\/wp-content\/uploads\/2023\/04\/senderismo-cabo-de-gata.jpg 1536w, https:\/\/casacarbonito.com\/wp-content\/uploads\/2023\/04\/senderismo-cabo-de-gata-225x300.jpg 225w, https:\/\/casacarbonito.com\/wp-content\/uploads\/2023\/04\/senderismo-cabo-de-gata-768x1024.jpg 768w, https:\/\/casacarbonito.com\/wp-content\/uploads\/2023\/04\/senderismo-cabo-de-gata-1152x1536.jpg 1152w\" sizes=\"auto, (max-width: 1536px) 100vw, 1536px\" \/><\/figure><\/div>\n<\/div>\n\n\n\n<div class=\"wp-block-column is-layout-flow wp-block-column-is-layout-flow\">\n<h2 class=\"wp-block-heading\">Sports \u00e0 faire \u00e0 Cabo de Gata<\/h2>\n\n\n\n<p>Les environs de la Casa Carbonito sont un endroit id\u00e9al pour les amateurs de sports de plein air, car il y a de nombreux sports \u00e0 pratiquer \u00e0 Cabo de Gata :  <\/p>\n\n\n\n<ul class=\"wp-block-list\">\n<li><strong>Randonn\u00e9e<\/strong>: Carboneras jouit d&rsquo;une situation privil\u00e9gi\u00e9e, en bordure du parc naturel de Cabo de Gata-N\u00edjar, ce qui en fait une destination id\u00e9ale pour faire de la randonn\u00e9e et profiter des vues panoramiques sur la c\u00f4te m\u00e9diterran\u00e9enne.<\/li>\n\n\n\n<li><strong>Plong\u00e9e<\/strong>: les eaux cristallines et la riche vie marine qui entourent Carboneras sont parfaites pour la plong\u00e9e et la d\u00e9couverte de l&rsquo;impressionnante faune et flore sous-marines.<\/li>\n\n\n\n<li><strong>Kayak<\/strong>: le kayak est un autre moyen passionnant d&rsquo;explorer la c\u00f4te. De nombreuses entreprises proposent la location de kayaks pour profiter de la vue sur la mer et d\u00e9couvrir des grottes et des plages difficiles d&rsquo;acc\u00e8s par voie terrestre.<\/li>\n\n\n\n<li><strong>V\u00e9lo de montagne<\/strong>: les chemins de terre des montagnes environnantes offrent un terrain id\u00e9al pour les amateurs de v\u00e9lo de montagne.<\/li>\n<\/ul>\n<\/div>\n<\/div>\n\n<div style=\"height:70px\" aria-hidden=\"true\" class=\"wp-block-spacer\"><\/div>\n\n<div class=\"wp-block-columns is-layout-flex wp-container-core-columns-is-layout-9d6595d7 wp-block-columns-is-layout-flex\">\n<div class=\"wp-block-column is-layout-flow wp-block-column-is-layout-flow\">\n<h2 class=\"wp-block-heading\"><strong>Autres villes \u00e0 visiter \u00e0 partir de Casa Carbonito<\/strong><\/h2>\n\n\n\n<p>Les clients s\u00e9journant \u00e0 la <a href=\"https:\/\/casacarbonito.com\/fr\/\" data-type=\"page\" data-id=\"201\">Casa Carbonito <\/a>peuvent \u00e9galement profiter du riche et <strong>int\u00e9ressant patrimoine culturel espagnol <\/strong>et explorer de belles villes \u00e0 l&rsquo;architecture typiquement espagnole, telles que : <strong>Almeria<\/strong> (50min), <strong>Mojacar<\/strong> (30min), <strong>Cartagena<\/strong> (1h45min), <strong>Murcia<\/strong> (2h), <strong>Alicante<\/strong> (2,5h), <strong>Malaga<\/strong> (3,5h) et <strong>Granada<\/strong> (2,5h). En hiver, vous pouvez m\u00eame skier dans la Sierra Nevada, \u00e0 seulement 2 heures de route. Depuis la Casa Carbonito, vous ne pourrez pas choisir ce que vous voulez faire \u00e0 Cabo de Gata en raison de toutes les options disponibles.<\/p>\n<\/div>\n\n\n\n<div class=\"wp-block-column is-layout-flow wp-block-column-is-layout-flow\">\n<div class=\"wp-block-stackable-image stk-block-image stk-block stk-d75e9df\" data-block-id=\"d75e9df\"><style>.stk-d75e9df .stk-img-wrapper{width:100% !important;height:616px !important}.stk-d75e9df .stk-img-wrapper img{object-position:49% 70% !important}<\/style><figure class=\"stk-img-wrapper stk-image--shape-stretch\"><img loading=\"lazy\" decoding=\"async\" class=\"stk-img wp-image-168\" src=\"https:\/\/casacarbonito.com\/wp-content\/uploads\/2023\/04\/mojacar-pueblo-blanco-scaled.jpg\" width=\"2560\" height=\"1442\" srcset=\"https:\/\/casacarbonito.com\/wp-content\/uploads\/2023\/04\/mojacar-pueblo-blanco-scaled.jpg 2560w, https:\/\/casacarbonito.com\/wp-content\/uploads\/2023\/04\/mojacar-pueblo-blanco-300x169.jpg 300w, https:\/\/casacarbonito.com\/wp-content\/uploads\/2023\/04\/mojacar-pueblo-blanco-1024x577.jpg 1024w, https:\/\/casacarbonito.com\/wp-content\/uploads\/2023\/04\/mojacar-pueblo-blanco-768x433.jpg 768w, https:\/\/casacarbonito.com\/wp-content\/uploads\/2023\/04\/mojacar-pueblo-blanco-1536x865.jpg 1536w, https:\/\/casacarbonito.com\/wp-content\/uploads\/2023\/04\/mojacar-pueblo-blanco-2048x1154.jpg 2048w\" sizes=\"auto, (max-width: 2560px) 100vw, 2560px\" \/><\/figure><\/div>\n<\/div>\n<\/div>\n","protected":false},"excerpt":{"rendered":"<p>Cabo de Gata est un endroit plein de beaut\u00e9 naturelle et de possibilit\u00e9s de profiter de la vie en plein<\/p>\n<p><a href=\"https:\/\/casacarbonito.com\/fr\/5-choses-a-faire-a-cabo-de-gata\/\" class=\"more-link\">Continue reading<span class=\"screen-reader-text\">5 choses \u00e0 faire \u00e0 Cabo de Gata<\/span><\/a><\/p>\n","protected":false},"author":2,"featured_media":633,"parent":0,"menu_order":0,"comment_status":"closed","ping_status":"closed","template":"","meta":{"footnotes":""},"class_list":["post-896","page","type-page","status-publish","has-post-thumbnail","hentry"],"_links":{"self":[{"href":"https:\/\/casacarbonito.com\/fr\/wp-json\/wp\/v2\/pages\/896","targetHints":{"allow":["GET"]}}],"collection":[{"href":"https:\/\/casacarbonito.com\/fr\/wp-json\/wp\/v2\/pages"}],"about":[{"href":"https:\/\/casacarbonito.com\/fr\/wp-json\/wp\/v2\/types\/page"}],"author":[{"embeddable":true,"href":"https:\/\/casacarbonito.com\/fr\/wp-json\/wp\/v2\/users\/2"}],"replies":[{"embeddable":true,"href":"https:\/\/casacarbonito.com\/fr\/wp-json\/wp\/v2\/comments?post=896"}],"version-history":[{"count":1,"href":"https:\/\/casacarbonito.com\/fr\/wp-json\/wp\/v2\/pages\/896\/revisions"}],"predecessor-version":[{"id":903,"href":"https:\/\/casacarbonito.com\/fr\/wp-json\/wp\/v2\/pages\/896\/revisions\/903"}],"wp:featuredmedia":[{"embeddable":true,"href":"https:\/\/casacarbonito.com\/fr\/wp-json\/wp\/v2\/media\/633"}],"wp:attachment":[{"href":"https:\/\/casacarbonito.com\/fr\/wp-json\/wp\/v2\/media?parent=896"}],"curies":[{"name":"wp","href":"https:\/\/api.w.org\/{rel}","templated":true}]}}