{"id":930,"date":"2023-10-29T17:07:52","date_gmt":"2023-10-29T16:07:52","guid":{"rendered":"https:\/\/casacarbonito.com\/kontakt\/"},"modified":"2024-04-22T17:49:12","modified_gmt":"2024-04-22T16:49:12","slug":"kontakt","status":"publish","type":"page","link":"https:\/\/casacarbonito.com\/de\/kontakt\/","title":{"rendered":"Kontakt"},"content":{"rendered":"\n<div id=\"apartmentIframeAll\">\n<script type=\"text\/javascript\" src=\"https:\/\/login.smoobu.com\/js\/Settings\/BookingToolIframe.js\"><\/script>\n<script>BookingToolIframe.initialize({\"url\": \"https:\/\/login.smoobu.com\/en\/booking-tool\/iframe\/695195\", \"baseUrl\": \"https:\/\/login.smoobu.com\", \"target\": \"#apartmentIframeAll\"})<\/script>\n<\/div>\n\n<p><strong><u>Reservierungen<\/u><\/strong><\/p>\n\n<ol class=\"wp-block-list\" type=\"1\">\n<li>Sie k\u00f6nnen \u00fcber unsere Website buchen. Diese Form der Reservierung ist verbindlich. Mit der Registrierung eines Buchungsauftrags treten die Allgemeinen Gesch\u00e4ftsbedingungen in Kraft.<\/li>\n\n\n\n<li>Jede Buchung wird vom Eigent\u00fcmer durch eine Buchungsbest\u00e4tigung per E-Mail best\u00e4tigt.<\/li>\n\n\n\n<li>Mit der E-Mail wird ein Zahlungslink versandt, \u00fcber den Sie die Miete bezahlen m\u00fcssen. Im Falle einer versp\u00e4teten Zahlung der Miete hat der Eigent\u00fcmer das Recht, den f\u00fcr die Vermietung der Ferienwohnungen reservierten Zeitraum zu stornieren. F\u00fcr die Erstattung der bereits gezahlten Miete kann auf keinen Artikel dieser Allgemeinen Gesch\u00e4ftsbedingungen verwiesen werden. In diesem Fall gelten die in diesen Allgemeinen Gesch\u00e4ftsbedingungen beschriebenen Stornierungsbedingungen.<\/li>\n<\/ol>\n\n<p><strong><u>Stornierungsbedingungen;<\/u><\/strong><\/p>\n\n<ul class=\"wp-block-list\">\n<li>G\u00e4ste, die eine Reservierung stornieren m\u00fcssen, sollten uns so schnell wie m\u00f6glich kontaktieren. Bereits geleistete Anzahlungen werden nur unter den folgenden Bedingungen zur\u00fcckerstattet:<\/li>\n\n\n\n<li>Stornierungen werden nur per E-Mail oder WhatsApp akzeptiert, unter Angabe der Buchungsnummer und der Tage der Buchung.<\/li>\n\n\n\n<li>Wenn der Buchungsvertrag storniert wird, werden die folgenden Stornierungsgeb\u00fchren berechnet;<\/li>\n\n\n\n<li>Kostenlose Stornierung bis zu 7 Tage vor Ankunft. Wenn Sie Ihre Meinung \u00e4ndern, erhalten Sie eine vollst\u00e4ndige R\u00fcckerstattung (D-7).<\/li>\n\n\n\n<li>Bei Nichterscheinen muss die volle Miete gezahlt werden. Wir raten Ihnen, eine gute Reise- und Stornierungsversicherung abzuschlie\u00dfen.<\/li>\n\n\n\n<li>In dem seltenen Fall, dass wir Ihre Buchung bei uns stornieren m\u00fcssen, beachten Sie bitte, dass wir nicht f\u00fcr Umst\u00e4nde verantwortlich gemacht werden k\u00f6nnen, die sich unserer Kontrolle entziehen, und unsere Haftung Ihnen gegen\u00fcber auf die R\u00fcckerstattung bereits geleisteter Zahlungen beschr\u00e4nkt ist.<\/li>\n<\/ul>\n\n<p>CasaCarBonito S.L.  <\/p>\n\n<p>Stra\u00dfe Borazo 2<\/p>\n\n<p>04140 Carboneras, Almeria, Spanien<\/p>\n\n<p><img loading=\"lazy\" decoding=\"async\" src=\"https:\/\/lh7-us.googleusercontent.com\/50aluvVmyEt-aki3Y7E1APi7908-ZIocFC5K4C45kWiffoC1cUgUI6_H5ElMBaA_p9FuHtKUG3aBVqfj_kFkUmQ7703VCVuNmS_uMLazlsOvgUgElmPcix_vz0-g5qtFjNOWWmufa8C3wtGaRXzXHQ\" width=\"20\" height=\"20\"\/>ES +34 650 89 25 24<\/p>\n\n<p><img loading=\"lazy\" decoding=\"async\" alt=\"Hoorn\" src=\"https:\/\/lh7-us.googleusercontent.com\/vCto3qfnpkuufhZcutmXu2SHJ39_uzxd4y5Lwoyp1ehi1O4xCtM6GqNygKgx9VEk9Vq1IzK7SfecZOD-in4uh1BcYNYFgDRYepFJvzhNlIw0MFd58iY8n4oyOTgo9kMVriOjMTdFEMZbC2_G8dW5KQ\" width=\"20\" height=\"20\"\/>BE+32 475 42 31 84  <\/p>\n\n<p><img loading=\"lazy\" decoding=\"async\" width=\"19\" height=\"19\" src=\"https:\/\/lh7-us.googleusercontent.com\/AuUjMfx1EhGqaS0FcFKo4i8FNce2wCv7r0QwHiOYAVEjqjjWpX-aKH9ANEij8nIUcaBRRrimyMHGGsAkxqsTN7ZlXRhVav4F4vJRPybtetvWiCiP5HFbFjGqlveVz8p9rlj1NgyRGwyf5WYb8QvvGg\" alt=\"E-Mail\"\/><a href=\"mailto:info@casacarbonito.com\">info@casacarbonito.com<\/a><\/p>\n","protected":false},"excerpt":{"rendered":"<p>Reservierungen Stornierungsbedingungen; CasaCarBonito S.L. Stra\u00dfe Borazo 2 04140 Carboneras, Almeria, Spanien ES +34 650 89 25 24 BE+32 475 42<\/p>\n<p><a href=\"https:\/\/casacarbonito.com\/de\/kontakt\/\" class=\"more-link\">Continue reading<span class=\"screen-reader-text\">Kontakt<\/span><\/a><\/p>\n","protected":false},"author":1,"featured_media":0,"parent":0,"menu_order":0,"comment_status":"closed","ping_status":"closed","template":"","meta":{"footnotes":""},"class_list":["post-930","page","type-page","status-publish","hentry"],"_links":{"self":[{"href":"https:\/\/casacarbonito.com\/de\/wp-json\/wp\/v2\/pages\/930","targetHints":{"allow":["GET"]}}],"collection":[{"href":"https:\/\/casacarbonito.com\/de\/wp-json\/wp\/v2\/pages"}],"about":[{"href":"https:\/\/casacarbonito.com\/de\/wp-json\/wp\/v2\/types\/page"}],"author":[{"embeddable":true,"href":"https:\/\/casacarbonito.com\/de\/wp-json\/wp\/v2\/users\/1"}],"replies":[{"embeddable":true,"href":"https:\/\/casacarbonito.com\/de\/wp-json\/wp\/v2\/comments?post=930"}],"version-history":[{"count":6,"href":"https:\/\/casacarbonito.com\/de\/wp-json\/wp\/v2\/pages\/930\/revisions"}],"predecessor-version":[{"id":3116,"href":"https:\/\/casacarbonito.com\/de\/wp-json\/wp\/v2\/pages\/930\/revisions\/3116"}],"wp:attachment":[{"href":"https:\/\/casacarbonito.com\/de\/wp-json\/wp\/v2\/media?parent=930"}],"curies":[{"name":"wp","href":"https:\/\/api.w.org\/{rel}","templated":true}]}}