{"id":898,"date":"2023-04-15T22:02:12","date_gmt":"2023-04-15T21:02:12","guid":{"rendered":"https:\/\/casacarbonito.com\/10-typische-gerichte-der-gastronomie-von-carboneras\/"},"modified":"2024-01-02T17:37:27","modified_gmt":"2024-01-02T16:37:27","slug":"10-typische-gerichte-der-gastronomie-von-carboneras","status":"publish","type":"page","link":"https:\/\/casacarbonito.com\/de\/10-typische-gerichte-der-gastronomie-von-carboneras\/","title":{"rendered":"10 typische Gerichte der Gastronomie von Carboneras"},"content":{"rendered":"\n<p>Die <strong>Gastronomie von Carboneras zeichnet sich durch den Einfluss der mediterranen K\u00fcche und durch die N\u00e4he zum Meer<\/strong> aus. Die N\u00e4he zum Meer bedeutet, dass viele der typischen Gerichte Fisch und Meeresfr\u00fcchte sind, aber es gibt auch Fleisch- und Gem\u00fcsegerichte.<\/p>\n<style>.wp-block-kadence-advancedgallery .kb-gallery-type-grid.kb-gallery-id-178_68e021-98{margin:-5px;}.kb-gallery-type-grid.kb-gallery-id-178_68e021-98 .kadence-blocks-gallery-item{padding:5px;}.kb-gallery-id-178_68e021-98 .kadence-blocks-gallery-item .kb-gal-image-radius, .kb-gallery-id-178_68e021-98 .kb-slide-item .kb-gal-image-radius img{border-radius:0px 0px 0px 0px;;}<\/style><div class=\"kb-gallery-wrap-id-178_68e021-98 alignnone wp-block-kadence-advancedgallery\"><ul class=\"kb-gallery-ul kb-gallery-non-static kb-gallery-type-grid kb-gallery-id-178_68e021-98 kb-gallery-caption-style-bottom-hover kb-gallery-filter-none\" data-image-filter=\"none\" data-item-selector=\".kadence-blocks-gallery-item\" data-lightbox-caption=\"true\" data-columns-xxl=\"3\" data-columns-xl=\"3\" data-columns-md=\"3\" data-columns-sm=\"2\" data-columns-xs=\"1\" data-columns-ss=\"1\"><li class=\"kadence-blocks-gallery-item\"><div class=\"kadence-blocks-gallery-item-inner\"><figure class=\"kb-gallery-figure kadence-blocks-gallery-item-hide-caption\"><div class=\"kb-gal-image-radius\"><div class=\"kb-gallery-image-contain kadence-blocks-gallery-intrinsic kb-gallery-image-ratio-land169 kb-has-image-ratio-land169\" ><img loading=\"lazy\" decoding=\"async\" src=\"https:\/\/casacarbonito.com\/wp-content\/uploads\/2023\/04\/gamba-roja-carboneras-1024x576.jpg\" width=\"1024\" height=\"576\" alt=\"gamba-roja-gastronomia-de-carboneras\" data-full-image=\"https:\/\/casacarbonito.com\/wp-content\/uploads\/2023\/04\/gamba-roja-carboneras.jpg\" data-light-image=\"https:\/\/casacarbonito.com\/wp-content\/uploads\/2023\/04\/gamba-roja-carboneras.jpg\" data-id=\"186\" class=\"wp-image-186\" srcset=\"https:\/\/casacarbonito.com\/wp-content\/uploads\/2023\/04\/gamba-roja-carboneras-1024x576.jpg 1024w, https:\/\/casacarbonito.com\/wp-content\/uploads\/2023\/04\/gamba-roja-carboneras-300x169.jpg 300w, https:\/\/casacarbonito.com\/wp-content\/uploads\/2023\/04\/gamba-roja-carboneras-768x432.jpg 768w, https:\/\/casacarbonito.com\/wp-content\/uploads\/2023\/04\/gamba-roja-carboneras.jpg 1200w\" sizes=\"auto, (max-width: 1024px) 100vw, 1024px\" \/><\/div><\/div><\/figure><\/div><\/li><li class=\"kadence-blocks-gallery-item\"><div class=\"kadence-blocks-gallery-item-inner\"><figure class=\"kb-gallery-figure kadence-blocks-gallery-item-hide-caption\"><div class=\"kb-gal-image-radius\"><div class=\"kb-gallery-image-contain kadence-blocks-gallery-intrinsic kb-gallery-image-ratio-land169 kb-has-image-ratio-land169\" ><img loading=\"lazy\" decoding=\"async\" src=\"https:\/\/casacarbonito.com\/wp-content\/uploads\/2023\/04\/pipirrana-1024x575.jpg\" width=\"1024\" height=\"575\" alt=\"pipirrana-gastronomia-de-carboneras\" data-full-image=\"https:\/\/casacarbonito.com\/wp-content\/uploads\/2023\/04\/pipirrana.jpg\" data-light-image=\"https:\/\/casacarbonito.com\/wp-content\/uploads\/2023\/04\/pipirrana.jpg\" data-id=\"187\" class=\"wp-image-187\" srcset=\"https:\/\/casacarbonito.com\/wp-content\/uploads\/2023\/04\/pipirrana-1024x575.jpg 1024w, https:\/\/casacarbonito.com\/wp-content\/uploads\/2023\/04\/pipirrana-300x169.jpg 300w, https:\/\/casacarbonito.com\/wp-content\/uploads\/2023\/04\/pipirrana-768x431.jpg 768w, https:\/\/casacarbonito.com\/wp-content\/uploads\/2023\/04\/pipirrana.jpg 1200w\" sizes=\"auto, (max-width: 1024px) 100vw, 1024px\" \/><\/div><\/div><\/figure><\/div><\/li><li class=\"kadence-blocks-gallery-item\"><div class=\"kadence-blocks-gallery-item-inner\"><figure class=\"kb-gallery-figure kadence-blocks-gallery-item-hide-caption\"><div class=\"kb-gal-image-radius\"><div class=\"kb-gallery-image-contain kadence-blocks-gallery-intrinsic kb-gallery-image-ratio-land169 kb-has-image-ratio-land169\" ><img loading=\"lazy\" decoding=\"async\" src=\"https:\/\/casacarbonito.com\/wp-content\/uploads\/2023\/04\/arroz-caldoso-1024x683.jpg\" width=\"1024\" height=\"683\" alt=\"arroz-caldoso-gastronomia-de-carboneras\" data-full-image=\"https:\/\/casacarbonito.com\/wp-content\/uploads\/2023\/04\/arroz-caldoso-scaled.jpg\" data-light-image=\"https:\/\/casacarbonito.com\/wp-content\/uploads\/2023\/04\/arroz-caldoso-scaled.jpg\" data-id=\"183\" class=\"wp-image-183\" srcset=\"https:\/\/casacarbonito.com\/wp-content\/uploads\/2023\/04\/arroz-caldoso-1024x683.jpg 1024w, https:\/\/casacarbonito.com\/wp-content\/uploads\/2023\/04\/arroz-caldoso-300x200.jpg 300w, https:\/\/casacarbonito.com\/wp-content\/uploads\/2023\/04\/arroz-caldoso-768x512.jpg 768w, https:\/\/casacarbonito.com\/wp-content\/uploads\/2023\/04\/arroz-caldoso-1536x1024.jpg 1536w\" sizes=\"auto, (max-width: 1024px) 100vw, 1024px\" \/><\/div><\/div><\/figure><\/div><\/li><li class=\"kadence-blocks-gallery-item\"><div class=\"kadence-blocks-gallery-item-inner\"><figure class=\"kb-gallery-figure kadence-blocks-gallery-item-hide-caption\"><div class=\"kb-gal-image-radius\"><div class=\"kb-gallery-image-contain kadence-blocks-gallery-intrinsic kb-gallery-image-ratio-land169 kb-has-image-ratio-land169\" ><img loading=\"lazy\" decoding=\"async\" src=\"https:\/\/casacarbonito.com\/wp-content\/uploads\/2023\/04\/ensalada-con-tomate.jpg\" width=\"700\" height=\"411\" alt=\"ensalada-con-tomate-gastronimia-de-carboneras\" data-full-image=\"https:\/\/casacarbonito.com\/wp-content\/uploads\/2023\/04\/ensalada-con-tomate.jpg\" data-light-image=\"https:\/\/casacarbonito.com\/wp-content\/uploads\/2023\/04\/ensalada-con-tomate.jpg\" data-id=\"184\" class=\"wp-image-184\" srcset=\"https:\/\/casacarbonito.com\/wp-content\/uploads\/2023\/04\/ensalada-con-tomate.jpg 700w, https:\/\/casacarbonito.com\/wp-content\/uploads\/2023\/04\/ensalada-con-tomate-300x176.jpg 300w\" sizes=\"auto, (max-width: 700px) 100vw, 700px\" \/><\/div><\/div><\/figure><\/div><\/li><li class=\"kadence-blocks-gallery-item\"><div class=\"kadence-blocks-gallery-item-inner\"><figure class=\"kb-gallery-figure kadence-blocks-gallery-item-hide-caption\"><div class=\"kb-gal-image-radius\"><div class=\"kb-gallery-image-contain kadence-blocks-gallery-intrinsic kb-gallery-image-ratio-land169 kb-has-image-ratio-land169\" ><img loading=\"lazy\" decoding=\"async\" src=\"https:\/\/casacarbonito.com\/wp-content\/uploads\/2023\/04\/ajo-colorao-1024x683.jpg\" width=\"1024\" height=\"683\" alt=\"ajo-colorao-gastronomia-de-carboneras\" data-full-image=\"https:\/\/casacarbonito.com\/wp-content\/uploads\/2023\/04\/ajo-colorao.jpg\" data-light-image=\"https:\/\/casacarbonito.com\/wp-content\/uploads\/2023\/04\/ajo-colorao.jpg\" data-id=\"182\" class=\"wp-image-182\" srcset=\"https:\/\/casacarbonito.com\/wp-content\/uploads\/2023\/04\/ajo-colorao-1024x683.jpg 1024w, https:\/\/casacarbonito.com\/wp-content\/uploads\/2023\/04\/ajo-colorao-300x200.jpg 300w, https:\/\/casacarbonito.com\/wp-content\/uploads\/2023\/04\/ajo-colorao-768x512.jpg 768w, https:\/\/casacarbonito.com\/wp-content\/uploads\/2023\/04\/ajo-colorao.jpg 1200w\" sizes=\"auto, (max-width: 1024px) 100vw, 1024px\" \/><\/div><\/div><\/figure><\/div><\/li><li class=\"kadence-blocks-gallery-item\"><div class=\"kadence-blocks-gallery-item-inner\"><figure class=\"kb-gallery-figure kadence-blocks-gallery-item-hide-caption\"><div class=\"kb-gal-image-radius\"><div class=\"kb-gallery-image-contain kadence-blocks-gallery-intrinsic kb-gallery-image-ratio-land169 kb-has-image-ratio-land169\" ><img loading=\"lazy\" decoding=\"async\" src=\"https:\/\/casacarbonito.com\/wp-content\/uploads\/2023\/04\/fideos-con-caballa.jpg\" width=\"795\" height=\"539\" alt=\"fideos con caballa gastronom\u00eda de carboneras\" data-full-image=\"https:\/\/casacarbonito.com\/wp-content\/uploads\/2023\/04\/fideos-con-caballa.jpg\" data-light-image=\"https:\/\/casacarbonito.com\/wp-content\/uploads\/2023\/04\/fideos-con-caballa.jpg\" data-id=\"189\" class=\"wp-image-189\" srcset=\"https:\/\/casacarbonito.com\/wp-content\/uploads\/2023\/04\/fideos-con-caballa.jpg 795w, https:\/\/casacarbonito.com\/wp-content\/uploads\/2023\/04\/fideos-con-caballa-300x203.jpg 300w, https:\/\/casacarbonito.com\/wp-content\/uploads\/2023\/04\/fideos-con-caballa-768x521.jpg 768w\" sizes=\"auto, (max-width: 795px) 100vw, 795px\" \/><\/div><\/div><\/figure><\/div><\/li><\/ul><\/div>\n<div style=\"height:70px\" aria-hidden=\"true\" class=\"wp-block-spacer\"><\/div>\n\n<p>Einige der <strong>typischen Gerichte von Carboneras <\/strong>sind:<\/p>\n\n<ul class=\"wp-block-list\">\n<li><strong>Arroz caldoso<\/strong>: ein Reisgericht mit Fisch, Meeresfr\u00fcchten und Gem\u00fcsebr\u00fche, sehr beliebt in der K\u00fcstenregion.<\/li>\n\n\n\n<li><strong>Rote Garnele von Carboneras<\/strong>: Die rote Garnele von Carboneras ist ber\u00fchmt f\u00fcr ihren Geschmack und ihre Konsistenz und geh\u00f6rt zu den Spitzenprodukten der lokalen K\u00fcche.<\/li>\n\n\n\n<li><strong>Nudeln mit Makrele<\/strong>: ein einfaches und schmackhaftes Rezept, das Nudeln mit Makrele und Tomate kombiniert und in einer Pfanne mit Zwiebeln und Paprika gebraten wird.<\/li>\n\n\n\n<li><strong>Caldo de pescado<\/strong>: eine in der ganzen Region beliebte Fisch- und Meeresfr\u00fcchtebr\u00fche, die als Grundlage f\u00fcr viele andere Gerichte verwendet wird.<\/li>\n\n\n\n<li><strong>Migas<\/strong>: ein traditionelles Gericht aus Brot, Oliven\u00f6l, Knoblauch und Paprika, begleitet von Chorizo, Speck oder Sardinen.<\/li>\n\n\n\n<li><strong>Tomatensalat<\/strong>: Tomatensalat ist ein in der gesamten Region weit verbreitetes Gericht, das in Carboneras meist mit Thunfisch, Ei und Oliven serviert wird.<\/li>\n\n\n\n<li><strong>Pipirrana<\/strong>: ein typischer Salat der Region mit Tomaten, gr\u00fcnem Pfeffer, Gurken, Zwiebeln und Oliven\u00f6l. Er wird in der Regel kalt serviert.<\/li>\n\n\n\n<li><strong>Ajo colorao<\/strong>: ein Gericht aus Kartoffeln, rotem Paprika, Knoblauch und Chorizo, das langsam gekocht wird, bis die Kartoffeln weich sind.<\/li>\n\n\n\n<li><strong>Gazpacho aus Andalusien<\/strong>: eine kalte Suppe aus Tomaten, Gurken, Paprika, Zwiebeln, Knoblauch, Oliven\u00f6l, Essig und altem Brot.<\/li>\n\n\n\n<li><strong>Gurullos<\/strong>: ein kleines, rundes Nudelgericht, das mit Kichererbsen, Schweinefleisch, Kartoffeln, Zwiebeln und Paprika gekocht wird.<\/li>\n\n\n\n<li>Die typischsten <strong>S\u00fc\u00dfspeisen <\/strong>in Carboneras sind Milchreis, Flan und Krapfen.<\/li>\n<\/ul>\n\n<h2 class=\"wp-block-heading\">Restaurants zum Probieren der Gastronomie von Carboneras<\/h2>\n\n<p>In der N\u00e4he von<a href=\"https:\/\/casacarbonito.com\/de\/wohnungen-in-carboneras\/\" data-type=\"page\" data-id=\"138\"> Casa Carbonito<\/a> gibt es <strong>zahlreiche Restaurants<\/strong>, die sich durch ihre<strong> hervorragende kulinarische Qualit\u00e4t und ihr Engagement f\u00fcr die Verwendung frischer, lokaler Zutaten<\/strong> auszeichnen und in denen Sie die Gastronomie Carboneras kennen lernen k\u00f6nnen.<\/p>\n\n<p>Au\u00dferdem liegt Carboneras an der K\u00fcste von Almeria, was es den Restaurants erm\u00f6glicht, eine <strong>gro\u00dfe Auswahl an frischem Fisch und Meeresfr\u00fcchten von hoher Qualit\u00e4t<\/strong> anzubieten, wie z. B. Seebrassen, Tintenfisch, Tintenfische, Garnelen und vieles mehr. Es ist auch m\u00f6glich, eine gute Paella zu genie\u00dfen, eines der symboltr\u00e4chtigsten Gerichte der spanischen K\u00fcche.<\/p>\n\n<p>Andererseits kann man in den Restaurants von Carboneras auch <strong>hochwertige Fleischsorten <\/strong>wie iberisches Schweine- und Kalbfleisch <strong>probieren <\/strong>, die mit einer Vielzahl von Beilagen und So\u00dfen kombiniert werden, um einzigartige und unvergessliche Geschmackserlebnisse zu erzielen.<\/p>\n\n<p>Kurz gesagt, die Gastronomie von Carboneras entt\u00e4uscht nicht und bietet eine gro\u00dfe Vielfalt an M\u00f6glichkeiten f\u00fcr jeden Geschmack und jeden Geldbeutel. <strong>Die <a href=\"https:\/\/www.tripadvisor.es\/Restaurants-g1064209-Carboneras_Province_of_Almeria_Andalucia.html\" target=\"_blank\" rel=\"noopener\">Restaurants<\/a> sind<\/strong> ein <strong>Muss f\u00fcr jeden Feinschmecker, der die Gegend besucht<\/strong>, um die Gastronomie von Carboneras aus erster Hand zu genie\u00dfen.<\/p>\n","protected":false},"excerpt":{"rendered":"<p>Die Gastronomie von Carboneras zeichnet sich durch den Einfluss der mediterranen K\u00fcche und durch die N\u00e4he zum Meer aus. Die<\/p>\n<p><a href=\"https:\/\/casacarbonito.com\/de\/10-typische-gerichte-der-gastronomie-von-carboneras\/\" class=\"more-link\">Continue reading<span class=\"screen-reader-text\">10 typische Gerichte der Gastronomie von Carboneras<\/span><\/a><\/p>\n","protected":false},"author":2,"featured_media":682,"parent":0,"menu_order":0,"comment_status":"closed","ping_status":"closed","template":"","meta":{"footnotes":""},"class_list":["post-898","page","type-page","status-publish","has-post-thumbnail","hentry"],"_links":{"self":[{"href":"https:\/\/casacarbonito.com\/de\/wp-json\/wp\/v2\/pages\/898","targetHints":{"allow":["GET"]}}],"collection":[{"href":"https:\/\/casacarbonito.com\/de\/wp-json\/wp\/v2\/pages"}],"about":[{"href":"https:\/\/casacarbonito.com\/de\/wp-json\/wp\/v2\/types\/page"}],"author":[{"embeddable":true,"href":"https:\/\/casacarbonito.com\/de\/wp-json\/wp\/v2\/users\/2"}],"replies":[{"embeddable":true,"href":"https:\/\/casacarbonito.com\/de\/wp-json\/wp\/v2\/comments?post=898"}],"version-history":[{"count":1,"href":"https:\/\/casacarbonito.com\/de\/wp-json\/wp\/v2\/pages\/898\/revisions"}],"predecessor-version":[{"id":905,"href":"https:\/\/casacarbonito.com\/de\/wp-json\/wp\/v2\/pages\/898\/revisions\/905"}],"wp:featuredmedia":[{"embeddable":true,"href":"https:\/\/casacarbonito.com\/de\/wp-json\/wp\/v2\/media\/682"}],"wp:attachment":[{"href":"https:\/\/casacarbonito.com\/de\/wp-json\/wp\/v2\/media?parent=898"}],"curies":[{"name":"wp","href":"https:\/\/api.w.org\/{rel}","templated":true}]}}