{"id":895,"date":"2023-04-15T20:09:25","date_gmt":"2023-04-15T19:09:25","guid":{"rendered":"https:\/\/casacarbonito.com\/5-dinge-zu-tun-in-cabo-de-gata\/"},"modified":"2024-01-02T17:37:28","modified_gmt":"2024-01-02T16:37:28","slug":"5-dinge-zu-tun-in-cabo-de-gata","status":"publish","type":"page","link":"https:\/\/casacarbonito.com\/de\/5-dinge-zu-tun-in-cabo-de-gata\/","title":{"rendered":"5 Dinge zu tun in Cabo de Gata"},"content":{"rendered":"\n<p>Cabo de Gata ist ein Ort voller nat\u00fcrlicher Sch\u00f6nheit und M\u00f6glichkeiten, das Leben im Freien zu genie\u00dfen. Hier sind einige der Aktivit\u00e4ten, die man in Cabo de Gata unternehmen kann:<\/p>\n\n<div style=\"height:70px\" aria-hidden=\"true\" class=\"wp-block-spacer\"><\/div>\n\n<div class=\"wp-block-columns is-layout-flex wp-container-core-columns-is-layout-9d6595d7 wp-block-columns-is-layout-flex\">\n<div class=\"wp-block-column is-layout-flow wp-block-column-is-layout-flow\">\n<h2 class=\"wp-block-heading\">Kohlebunker<\/h2>\n\n\n\n<p><strong>Carboneras ist ein Fischerdorf<\/strong> an der K\u00fcste von Almer\u00eda, direkt am Mittelmeer gelegen. Ein Teil der Gemeinde liegt innerhalb des<strong> Naturparks Cabo de Gata-N\u00edjar<\/strong>. Es ist also ein idealer Ort, um die Natur des Meeres und der Berge zu genie\u00dfen und sich zu erholen.  <\/p>\n\n\n\n<p>In <a href=\"https:\/\/www.andalucia.org\/es\/carboneras\" data-type=\"URL\" data-id=\"https:\/\/www.andalucia.org\/es\/carboneras\" target=\"_blank\" rel=\"noreferrer noopener\">Carboneras<\/a> finden Sie alles, um den Sommer zu genie\u00dfen: Routen zum <strong>Wandern<\/strong> und Genie\u00dfen der Berge, endlose <strong>Str\u00e4nde<\/strong>, um sich zu entspannen und die Sonne und das Meer zu genie\u00dfen, oder spektakul\u00e4re Orte zum <strong>Tauchen im kristallklaren Wasser<\/strong> und andere Wassersportarten. Genie\u00dfen Sie die <strong>Gastronomie<\/strong>, das gute Wetter und die kulturellen Aktivit\u00e4ten oder entdecken Sie die emblematischsten Orte. Aus all diesen Gr\u00fcnden wurde er zum <strong>besten Ort<\/strong> gew\u00e4hlt <strong>, um den Sommer in Spanien zu verbringen, und ist eine der besten M\u00f6glichkeiten, das Cabo de Gata zu besuchen<\/strong>.<\/p>\n<\/div>\n\n\n\n<div class=\"wp-block-column is-layout-flow wp-block-column-is-layout-flow\">\n<div class=\"wp-block-stackable-image stk-block-image stk-block stk-0b793f2\" data-block-id=\"0b793f2\"><style>.stk-0b793f2 .stk-img-wrapper{width:100% !important;height:616px !important}.stk-0b793f2 .stk-img-wrapper img{object-position:49% 70% !important}<\/style><figure class=\"stk-img-wrapper stk-image--shape-stretch\"><img loading=\"lazy\" decoding=\"async\" class=\"stk-img wp-image-145\" src=\"https:\/\/casacarbonito.com\/wp-content\/uploads\/2023\/04\/carboneras-scaled.jpg\" width=\"1885\" height=\"2560\" srcset=\"https:\/\/casacarbonito.com\/wp-content\/uploads\/2023\/04\/carboneras-scaled.jpg 1885w, https:\/\/casacarbonito.com\/wp-content\/uploads\/2023\/04\/carboneras-221x300.jpg 221w, https:\/\/casacarbonito.com\/wp-content\/uploads\/2023\/04\/carboneras-754x1024.jpg 754w, https:\/\/casacarbonito.com\/wp-content\/uploads\/2023\/04\/carboneras-768x1043.jpg 768w, https:\/\/casacarbonito.com\/wp-content\/uploads\/2023\/04\/carboneras-1131x1536.jpg 1131w, https:\/\/casacarbonito.com\/wp-content\/uploads\/2023\/04\/carboneras-1508x2048.jpg 1508w\" sizes=\"auto, (max-width: 1885px) 100vw, 1885px\" \/><\/figure><\/div>\n<\/div>\n<\/div>\n\n<div style=\"height:70px\" aria-hidden=\"true\" class=\"wp-block-spacer\"><\/div>\n\n<div class=\"wp-block-columns is-layout-flex wp-container-core-columns-is-layout-9d6595d7 wp-block-columns-is-layout-flex\">\n<div class=\"wp-block-column is-layout-flow wp-block-column-is-layout-flow\">\n<div class=\"wp-block-stackable-image stk-block-image stk-block stk-ea0eef7\" data-block-id=\"ea0eef7\"><style>.stk-ea0eef7 .stk-img-wrapper{width:100% !important;height:616px !important}.stk-ea0eef7 .stk-img-wrapper img{object-position:49% 70% !important}<\/style><figure class=\"stk-img-wrapper stk-image--shape-stretch\"><img loading=\"lazy\" decoding=\"async\" class=\"stk-img wp-image-509\" src=\"https:\/\/casacarbonito.com\/wp-content\/uploads\/2023\/10\/playa-de-los-muertos-que-hacer-en-cabo-de-gata.jpg\" width=\"1200\" height=\"660\" alt=\"strand-des-todes-was-zu-tun-am-cabo-de-gata\" srcset=\"https:\/\/casacarbonito.com\/wp-content\/uploads\/2023\/10\/playa-de-los-muertos-que-hacer-en-cabo-de-gata.jpg 1200w, https:\/\/casacarbonito.com\/wp-content\/uploads\/2023\/10\/playa-de-los-muertos-que-hacer-en-cabo-de-gata-300x165.jpg 300w, https:\/\/casacarbonito.com\/wp-content\/uploads\/2023\/10\/playa-de-los-muertos-que-hacer-en-cabo-de-gata-1024x563.jpg 1024w, https:\/\/casacarbonito.com\/wp-content\/uploads\/2023\/10\/playa-de-los-muertos-que-hacer-en-cabo-de-gata-768x422.jpg 768w\" sizes=\"auto, (max-width: 1200px) 100vw, 1200px\" \/><\/figure><\/div>\n<\/div>\n\n\n\n<div class=\"wp-block-column is-layout-flow wp-block-column-is-layout-flow\">\n<h2 class=\"wp-block-heading\">Der Strand der Toten<\/h2>\n\n\n\n<p><strong>Playa de los Muertos ist ein sch\u00f6ner Strand im Naturpark Cabo de Gata<\/strong> an der K\u00fcste von Almeria im S\u00fcdosten Spaniens. Sie ist bekannt f\u00fcr ihre<strong> atemberaubende nat\u00fcrliche Sch\u00f6nheit, das kristallklare Wasser und den weichen wei\u00dfen Sand<\/strong>. Der Strand ist nur zu Fu\u00df erreichbar und liegt etwa 2 Kilometer vom n\u00e4chsten Parkplatz entfernt. Der Weg zum Strand ist steil und felsig, so dass der Strand weniger besucht und ruhiger ist. Der Strand von Los Muertos ist ein idealer Ort f\u00fcr alle, die ein abgeschiedenes Pl\u00e4tzchen suchen, um sich zu entspannen, ein Sonnenbad zu nehmen und die nat\u00fcrliche und friedliche Umgebung zu genie\u00dfen. Ein Besuch der Playa de los Muertos geh\u00f6rt f\u00fcr viele Touristen zu den beliebtesten Aktivit\u00e4ten in Cabo de Gata.<\/p>\n<\/div>\n<\/div>\n\n<div style=\"height:70px\" aria-hidden=\"true\" class=\"wp-block-spacer\"><\/div>\n\n<div class=\"wp-block-columns is-layout-flex wp-container-core-columns-is-layout-9d6595d7 wp-block-columns-is-layout-flex\">\n<div class=\"wp-block-column is-layout-flow wp-block-column-is-layout-flow\">\n<h2 class=\"wp-block-heading\">Naturpark Cabo de Gata<\/h2>\n\n\n\n<p>Der Naturpark Cabo de Gata ist ein beeindruckendes Reiseziel an der K\u00fcste von Almeria im S\u00fcdosten Spaniens. Dieses Schutzgebiet ist bekannt f\u00fcr seine biologische Vielfalt mit einer <strong>gro\u00dfen Anzahl von Pflanzen und Tieren, die nur im Mittelmeerraum<\/strong> vorkommen. Die Landschaft des Parks ist atemberaubend, mit einer Mischung aus Bergen, Klippen, Str\u00e4nden und Buchten, sowie einzigartigen geologischen Formationen. Besucher k\u00f6nnen in Cabo de Gata eine Vielzahl von Outdoor-Aktivit\u00e4ten wie <strong>Wandern, Tauchen, Surfen und Kajakfahren aus\u00fcben, um nur einige zu nennen<\/strong>. Der Naturpark Cabo de Gata ist ein idealer Ort f\u00fcr alle, die die Natur genie\u00dfen und die nat\u00fcrliche Sch\u00f6nheit der spanischen Mittelmeerk\u00fcste entdecken m\u00f6chten.<\/p>\n<\/div>\n\n\n\n<div class=\"wp-block-column is-layout-flow wp-block-column-is-layout-flow\">\n<div class=\"wp-block-stackable-image stk-block-image stk-block stk-9153454\" data-block-id=\"9153454\"><style>.stk-9153454 .stk-img-wrapper{width:100% !important;height:616px !important}.stk-9153454 .stk-img-wrapper img{object-position:49% 70% !important}<\/style><figure class=\"stk-img-wrapper stk-image--shape-stretch\"><img loading=\"lazy\" decoding=\"async\" class=\"stk-img wp-image-159\" src=\"https:\/\/casacarbonito.com\/wp-content\/uploads\/2023\/04\/naturaleza-cabo-de-gata-scaled.jpg\" width=\"2560\" height=\"1828\" srcset=\"https:\/\/casacarbonito.com\/wp-content\/uploads\/2023\/04\/naturaleza-cabo-de-gata-scaled.jpg 2560w, https:\/\/casacarbonito.com\/wp-content\/uploads\/2023\/04\/naturaleza-cabo-de-gata-300x214.jpg 300w, https:\/\/casacarbonito.com\/wp-content\/uploads\/2023\/04\/naturaleza-cabo-de-gata-1024x731.jpg 1024w, https:\/\/casacarbonito.com\/wp-content\/uploads\/2023\/04\/naturaleza-cabo-de-gata-768x548.jpg 768w, https:\/\/casacarbonito.com\/wp-content\/uploads\/2023\/04\/naturaleza-cabo-de-gata-1536x1097.jpg 1536w, https:\/\/casacarbonito.com\/wp-content\/uploads\/2023\/04\/naturaleza-cabo-de-gata-2048x1462.jpg 2048w\" sizes=\"auto, (max-width: 2560px) 100vw, 2560px\" \/><\/figure><\/div>\n<\/div>\n<\/div>\n\n<div style=\"height:70px\" aria-hidden=\"true\" class=\"wp-block-spacer\"><\/div>\n\n<div class=\"wp-block-columns is-layout-flex wp-container-core-columns-is-layout-9d6595d7 wp-block-columns-is-layout-flex\">\n<div class=\"wp-block-column is-layout-flow wp-block-column-is-layout-flow\">\n<div class=\"wp-block-stackable-image stk-block-image stk-block stk-c66b6d8\" data-block-id=\"c66b6d8\"><style>.stk-c66b6d8 .stk-img-wrapper{width:100% !important;height:616px !important}.stk-c66b6d8 .stk-img-wrapper img{object-position:49% 70% !important}<\/style><figure class=\"stk-img-wrapper stk-image--shape-stretch\"><img loading=\"lazy\" decoding=\"async\" class=\"stk-img wp-image-161\" src=\"https:\/\/casacarbonito.com\/wp-content\/uploads\/2023\/04\/senderismo-cabo-de-gata.jpg\" width=\"1536\" height=\"2048\" alt=\"sport-was-zu-tun-am-cabo-de-gata\" srcset=\"https:\/\/casacarbonito.com\/wp-content\/uploads\/2023\/04\/senderismo-cabo-de-gata.jpg 1536w, https:\/\/casacarbonito.com\/wp-content\/uploads\/2023\/04\/senderismo-cabo-de-gata-225x300.jpg 225w, https:\/\/casacarbonito.com\/wp-content\/uploads\/2023\/04\/senderismo-cabo-de-gata-768x1024.jpg 768w, https:\/\/casacarbonito.com\/wp-content\/uploads\/2023\/04\/senderismo-cabo-de-gata-1152x1536.jpg 1152w\" sizes=\"auto, (max-width: 1536px) 100vw, 1536px\" \/><\/figure><\/div>\n<\/div>\n\n\n\n<div class=\"wp-block-column is-layout-flow wp-block-column-is-layout-flow\">\n<h2 class=\"wp-block-heading\">Sportm\u00f6glichkeiten in Cabo de Gata<\/h2>\n\n\n\n<p>Die Umgebung von Casa Carbonito ist ein idealer Ort f\u00fcr Outdoor-Sportler, denn in Cabo de Gata gibt es zahlreiche Sportm\u00f6glichkeiten:  <\/p>\n\n\n\n<ul class=\"wp-block-list\">\n<li><strong>Wandern<\/strong>: Carboneras befindet sich in einer privilegierten Lage am Rande des Naturparks Cabo de Gata-N\u00edjar und ist somit ein ideales Ziel f\u00fcr Wanderungen und zum Genie\u00dfen des Panoramablicks auf die Mittelmeerk\u00fcste.<\/li>\n\n\n\n<li><strong>Tauchen<\/strong>: Das kristallklare Wasser und die reiche Unterwasserwelt rund um Carboneras laden zum Tauchen ein, um die beeindruckende Unterwasserfauna und -flora zu entdecken.<\/li>\n\n\n\n<li><strong>Kajakfahren<\/strong>: Eine weitere spannende Art, die K\u00fcste zu erkunden, ist das Kajakfahren. Viele Unternehmen bieten einen Kajakverleih an, um die Aussicht auf das Meer zu genie\u00dfen und H\u00f6hlen und Str\u00e4nde zu entdecken, die auf dem Landweg nur schwer zu erreichen sind.<\/li>\n\n\n\n<li><strong>Mountainbiking<\/strong>: Die unbefestigten Stra\u00dfen in den umliegenden Bergen bieten ein gro\u00dfartiges Terrain f\u00fcr Mountainbiker.<\/li>\n<\/ul>\n<\/div>\n<\/div>\n\n<div style=\"height:70px\" aria-hidden=\"true\" class=\"wp-block-spacer\"><\/div>\n\n<div class=\"wp-block-columns is-layout-flex wp-container-core-columns-is-layout-9d6595d7 wp-block-columns-is-layout-flex\">\n<div class=\"wp-block-column is-layout-flow wp-block-column-is-layout-flow\">\n<h2 class=\"wp-block-heading\"><strong>Andere St\u00e4dte zu besuchen von Casa Carbonito<\/strong><\/h2>\n\n\n\n<p>G\u00e4ste der <a href=\"https:\/\/casacarbonito.com\/de\/\" data-type=\"page\" data-id=\"201\">Casa Carbonito <\/a>k\u00f6nnen auch das reiche und <strong>interessante spanische Kulturerbe <\/strong>genie\u00dfen und sch\u00f6ne St\u00e4dte mit typisch spanischer Architektur erkunden, wie z.B.: <strong>Almeria<\/strong> (50min), <strong>Mojacar<\/strong> (30min), <strong>Cartagena<\/strong> (1h45min), <strong>Murcia<\/strong> (2h), <strong>Alicante<\/strong> (2,5h), <strong>Malaga<\/strong> (3,5h) und <strong>Granada<\/strong> (2,5h). Im Winter k\u00f6nnen Sie sogar in der Sierra Nevada, nur 2 Autostunden entfernt, Ski fahren. Von Casa Carbonito aus haben Sie die Qual der Wahl, was Sie in Cabo de Gata unternehmen m\u00f6chten, denn es gibt so viele M\u00f6glichkeiten.<\/p>\n<\/div>\n\n\n\n<div class=\"wp-block-column is-layout-flow wp-block-column-is-layout-flow\">\n<div class=\"wp-block-stackable-image stk-block-image stk-block stk-d75e9df\" data-block-id=\"d75e9df\"><style>.stk-d75e9df .stk-img-wrapper{width:100% !important;height:616px !important}.stk-d75e9df .stk-img-wrapper img{object-position:49% 70% !important}<\/style><figure class=\"stk-img-wrapper stk-image--shape-stretch\"><img loading=\"lazy\" decoding=\"async\" class=\"stk-img wp-image-168\" src=\"https:\/\/casacarbonito.com\/wp-content\/uploads\/2023\/04\/mojacar-pueblo-blanco-scaled.jpg\" width=\"2560\" height=\"1442\" srcset=\"https:\/\/casacarbonito.com\/wp-content\/uploads\/2023\/04\/mojacar-pueblo-blanco-scaled.jpg 2560w, https:\/\/casacarbonito.com\/wp-content\/uploads\/2023\/04\/mojacar-pueblo-blanco-300x169.jpg 300w, https:\/\/casacarbonito.com\/wp-content\/uploads\/2023\/04\/mojacar-pueblo-blanco-1024x577.jpg 1024w, https:\/\/casacarbonito.com\/wp-content\/uploads\/2023\/04\/mojacar-pueblo-blanco-768x433.jpg 768w, https:\/\/casacarbonito.com\/wp-content\/uploads\/2023\/04\/mojacar-pueblo-blanco-1536x865.jpg 1536w, https:\/\/casacarbonito.com\/wp-content\/uploads\/2023\/04\/mojacar-pueblo-blanco-2048x1154.jpg 2048w\" sizes=\"auto, (max-width: 2560px) 100vw, 2560px\" \/><\/figure><\/div>\n<\/div>\n<\/div>\n","protected":false},"excerpt":{"rendered":"<p>Cabo de Gata ist ein Ort voller nat\u00fcrlicher Sch\u00f6nheit und M\u00f6glichkeiten, das Leben im Freien zu genie\u00dfen. Hier sind einige<\/p>\n<p><a href=\"https:\/\/casacarbonito.com\/de\/5-dinge-zu-tun-in-cabo-de-gata\/\" class=\"more-link\">Continue reading<span class=\"screen-reader-text\">5 Dinge zu tun in Cabo de Gata<\/span><\/a><\/p>\n","protected":false},"author":2,"featured_media":634,"parent":0,"menu_order":0,"comment_status":"closed","ping_status":"closed","template":"","meta":{"footnotes":""},"class_list":["post-895","page","type-page","status-publish","has-post-thumbnail","hentry"],"_links":{"self":[{"href":"https:\/\/casacarbonito.com\/de\/wp-json\/wp\/v2\/pages\/895","targetHints":{"allow":["GET"]}}],"collection":[{"href":"https:\/\/casacarbonito.com\/de\/wp-json\/wp\/v2\/pages"}],"about":[{"href":"https:\/\/casacarbonito.com\/de\/wp-json\/wp\/v2\/types\/page"}],"author":[{"embeddable":true,"href":"https:\/\/casacarbonito.com\/de\/wp-json\/wp\/v2\/users\/2"}],"replies":[{"embeddable":true,"href":"https:\/\/casacarbonito.com\/de\/wp-json\/wp\/v2\/comments?post=895"}],"version-history":[{"count":1,"href":"https:\/\/casacarbonito.com\/de\/wp-json\/wp\/v2\/pages\/895\/revisions"}],"predecessor-version":[{"id":906,"href":"https:\/\/casacarbonito.com\/de\/wp-json\/wp\/v2\/pages\/895\/revisions\/906"}],"wp:featuredmedia":[{"embeddable":true,"href":"https:\/\/casacarbonito.com\/de\/wp-json\/wp\/v2\/media\/634"}],"wp:attachment":[{"href":"https:\/\/casacarbonito.com\/de\/wp-json\/wp\/v2\/media?parent=895"}],"curies":[{"name":"wp","href":"https:\/\/api.w.org\/{rel}","templated":true}]}}